{"id":2,"date":"2016-05-10T03:48:21","date_gmt":"2016-05-10T03:48:21","guid":{"rendered":"http:\/\/web.ag-e.de\/?page_id=2"},"modified":"2022-08-03T15:17:53","modified_gmt":"2022-08-03T15:17:53","slug":"profil","status":"publish","type":"page","link":"https:\/\/www.ag-engineering.de\/","title":{"rendered":"Profil"},"content":{"rendered":"<p style=\"text-align: justify;\"><span style=\"font-size: 14pt;\">Seit \u00fcber 15 Jahren sind wir als verl\u00e4sslicher Planer und Gutachter f\u00fcr die verschiedensten Auftraggeber im Rhein-Main-Gebiet und ganz Deutschland t\u00e4tig. Zu unseren Auftraggebern z\u00e4hlen Gro\u00dfkonzerne, mittelst\u00e4ndische Firmen, Gerichte, \u00f6ffentliche Institutionen und Privat\u00adpersonen.<\/span><\/p>\n<p style=\"text-align: justify;\"><span style=\"font-size: 14pt;\">Wir haben ein weitreichendes Fachwissen, das wir f\u00fcr Sie in den letzten Jahren durch Zusatz\u00adqualifikationen stetig erweitert haben. Neben der Tragwerks\u00adplanung k\u00f6nnen wir Sie in den Bereichen Brandschutz und Bauphysik beraten und bei juristischen Auseinandersetzungen begleiten.<\/span><\/p>\n<p style=\"text-align: justify;\"><span style=\"font-size: 14pt;\">Als kleines Unternehmen mit einem starken Netzwerk bieten wir Ihnen viele Vorteile:<\/span><\/p>\n<table style=\"width: 580px;\">\n<tbody>\n<tr>\n<td style=\"width: 185.733px; vertical-align: top;\">\n<ul>\n<li style=\"text-align: left;\"><span style=\"font-size: 14pt;\">Kundenn\u00e4he<\/span><\/li>\n<li><span style=\"font-size: 14pt;\">Vertrauensw\u00fcrdigkeit<\/span><\/li>\n<li><span style=\"font-size: 14pt;\">Direktkontakt<\/span><\/li>\n<li><span style=\"font-size: 14pt;\">Individualisierung<\/span><\/li>\n<li><span style=\"font-size: 14pt;\">Schnelligkeit<\/span><\/li>\n<li><span style=\"font-size: 14pt;\">Flexibilit\u00e4t<\/span><\/li>\n<\/ul>\n<\/td>\n<td style=\"width: 375.267px;\">\n<table style=\"width: 330.517px;\">\n<tbody>\n<tr>\n<td style=\"text-align: center; vertical-align: middle; width: 157px;\"><\/td>\n<td style=\"text-align: center; vertical-align: middle; width: 154.517px;\"><img loading=\"lazy\" decoding=\"async\" class=\"alignright wp-image-303 size-thumbnail\" src=\"http:\/\/web.ag-e.de\/wp-content\/uploads\/2018\/05\/ifs_qualitaet-150x150.jpg\" alt=\"\" width=\"150\" height=\"150\" srcset=\"https:\/\/www.ag-engineering.de\/wp-content\/uploads\/2018\/05\/ifs_qualitaet-150x150.jpg 150w, https:\/\/www.ag-engineering.de\/wp-content\/uploads\/2018\/05\/ifs_qualitaet-300x300.jpg 300w, https:\/\/www.ag-engineering.de\/wp-content\/uploads\/2018\/05\/ifs_qualitaet-100x100.jpg 100w, https:\/\/www.ag-engineering.de\/wp-content\/uploads\/2018\/05\/ifs_qualitaet.jpg 450w\" sizes=\"(max-width: 150px) 100vw, 150px\" \/><\/td>\n<\/tr>\n<\/tbody>\n<\/table>\n<\/td>\n<\/tr>\n<\/tbody>\n<\/table>\n<p><a href=\"http:\/\/web.ag-e.de\/wp-content\/uploads\/2017\/12\/Firmenprofil_age_17_2.pdf\" target=\"_blank\" rel=\"noopener noreferrer\"><span style=\"font-size: 14pt;\">Firmenprofil zum Download\u00a0 &gt;&gt;<\/span><\/a><\/p>\n","protected":false},"excerpt":{"rendered":"<p>Seit \u00fcber 15 Jahren sind wir als verl\u00e4sslicher Planer und Gutachter f\u00fcr die verschiedensten Auftraggeber im Rhein-Main-Gebiet und ganz Deutschland t\u00e4tig. Zu unseren Auftraggebern z\u00e4hlen Gro\u00dfkonzerne, mittelst\u00e4ndische Firmen, Gerichte, \u00f6ffentliche Institutionen und Privat\u00adpersonen. Wir haben ein weitreichendes Fachwissen, das wir f\u00fcr Sie in den letzten Jahren durch Zusatz\u00adqualifikationen stetig erweitert haben. Neben der Tragwerks\u00adplanung k\u00f6nnen &hellip; <\/p>\n<p class=\"link-more\"><a href=\"https:\/\/www.ag-engineering.de\/\" class=\"more-link\"><span class=\"screen-reader-text\">\u201eProfil\u201c<\/span> weiterlesen<\/a><\/p>\n","protected":false},"author":1,"featured_media":0,"parent":0,"menu_order":0,"comment_status":"closed","ping_status":"closed","template":"","meta":{"footnotes":""},"_links":{"self":[{"href":"https:\/\/www.ag-engineering.de\/index.php?rest_route=\/wp\/v2\/pages\/2"}],"collection":[{"href":"https:\/\/www.ag-engineering.de\/index.php?rest_route=\/wp\/v2\/pages"}],"about":[{"href":"https:\/\/www.ag-engineering.de\/index.php?rest_route=\/wp\/v2\/types\/page"}],"author":[{"embeddable":true,"href":"https:\/\/www.ag-engineering.de\/index.php?rest_route=\/wp\/v2\/users\/1"}],"replies":[{"embeddable":true,"href":"https:\/\/www.ag-engineering.de\/index.php?rest_route=%2Fwp%2Fv2%2Fcomments&post=2"}],"version-history":[{"count":18,"href":"https:\/\/www.ag-engineering.de\/index.php?rest_route=\/wp\/v2\/pages\/2\/revisions"}],"predecessor-version":[{"id":321,"href":"https:\/\/www.ag-engineering.de\/index.php?rest_route=\/wp\/v2\/pages\/2\/revisions\/321"}],"wp:attachment":[{"href":"https:\/\/www.ag-engineering.de\/index.php?rest_route=%2Fwp%2Fv2%2Fmedia&parent=2"}],"curies":[{"name":"wp","href":"https:\/\/api.w.org\/{rel}","templated":true}]}}