{"id":33,"date":"2017-12-13T10:17:58","date_gmt":"2017-12-13T10:17:58","guid":{"rendered":"http:\/\/web.ag-e.de\/?page_id=33"},"modified":"2025-10-10T09:37:11","modified_gmt":"2025-10-10T09:37:11","slug":"team","status":"publish","type":"page","link":"https:\/\/www.ag-engineering.de\/?page_id=33","title":{"rendered":"Team"},"content":{"rendered":"\n\n\n<table style=\"width: 643.1px;\">\n<tbody>\n<tr>\n<td style=\"width: 189px; vertical-align: top;\">\u00a0<img loading=\"lazy\" decoding=\"async\" class=\"size-medium wp-image-67 aligncenter\" src=\"http:\/\/web.ag-e.de\/wp-content\/uploads\/2017\/12\/tomas-281x300.jpg\" alt=\"\" width=\"281\" height=\"300\" srcset=\"https:\/\/www.ag-engineering.de\/wp-content\/uploads\/2017\/12\/tomas-281x300.jpg 281w, https:\/\/www.ag-engineering.de\/wp-content\/uploads\/2017\/12\/tomas.jpg 533w\" sizes=\"(max-width: 281px) 100vw, 281px\" \/><\/td>\n<td style=\"width: 206px; vertical-align: top;\">\u00a0<img loading=\"lazy\" decoding=\"async\" class=\"size-medium wp-image-65 aligncenter\" src=\"http:\/\/web.ag-e.de\/wp-content\/uploads\/2017\/12\/j\u00f6rg-300x300.jpg\" alt=\"\" width=\"300\" height=\"300\" srcset=\"https:\/\/www.ag-engineering.de\/wp-content\/uploads\/2017\/12\/j\u00f6rg-300x300.jpg 300w, https:\/\/www.ag-engineering.de\/wp-content\/uploads\/2017\/12\/j\u00f6rg-150x150.jpg 150w, https:\/\/www.ag-engineering.de\/wp-content\/uploads\/2017\/12\/j\u00f6rg-768x768.jpg 768w, https:\/\/www.ag-engineering.de\/wp-content\/uploads\/2017\/12\/j\u00f6rg-1024x1024.jpg 1024w, https:\/\/www.ag-engineering.de\/wp-content\/uploads\/2017\/12\/j\u00f6rg-100x100.jpg 100w, https:\/\/www.ag-engineering.de\/wp-content\/uploads\/2017\/12\/j\u00f6rg.jpg 1774w\" sizes=\"(max-width: 300px) 100vw, 300px\" \/><\/td>\n<td style=\"width: 217.1px; vertical-align: top;\">\u00a0<img loading=\"lazy\" decoding=\"async\" class=\"wp-image-68  aligncenter\" src=\"http:\/\/web.ag-e.de\/wp-content\/uploads\/2017\/12\/ninja-300x281.jpg\" alt=\"\" width=\"223\" height=\"209\" srcset=\"https:\/\/www.ag-engineering.de\/wp-content\/uploads\/2017\/12\/ninja-300x281.jpg 300w, https:\/\/www.ag-engineering.de\/wp-content\/uploads\/2017\/12\/ninja-768x719.jpg 768w, https:\/\/www.ag-engineering.de\/wp-content\/uploads\/2017\/12\/ninja-1024x958.jpg 1024w\" sizes=\"(max-width: 223px) 100vw, 223px\" \/><\/td>\n<\/tr>\n<tr>\n<td style=\"text-align: left; vertical-align: top; width: 190px;\">Dr.-Ing.<strong> Tomas G\u00f6pfert<\/strong>\n<p>\u00a0<\/p>\n<p><span style=\"font-size: 10pt;\">Tragwerksplaner<\/span><\/p>\n<p><span style=\"font-size: 10pt;\">Fachplaner f\u00fcr Energieeffizienz (IngKH)<\/span><\/p>\n<p><span style=\"font-size: 10pt;\">Nachweisberechtigter f\u00fcr Standsicherheit (IngKH)<\/span><\/p>\n<p><span style=\"font-size: 10pt;\">Nachweisberechtigter f\u00fcr W\u00e4rmeschutz (IngKH)<\/span><\/p>\n<\/td>\n<td style=\"text-align: left; vertical-align: top; width: 190px;\">Prof. Dr.-Ing.<strong> J\u00f6rg Ackermann<\/strong>\n<p>\u00a0<\/p>\n<p><span style=\"font-size: 10pt;\">Tragwerksplaner<\/span><\/p>\n<p><span style=\"font-size: 10pt;\">\u00d6ffentlich bestellter und vereidigter Sachverst\u00e4ndiger f\u00fcr Stahl-, Beton- und Stahlbetonbau (IHK Offenbach)<\/span><\/p>\n<p><span style=\"font-size: 10pt;\">Mitglied im Sachverst\u00e4ndigenausschuss der IHK Offenbach<\/span><\/p>\n<p><span style=\"font-size: 10pt;\">Anerkannter und gepr\u00fcfter Sachverst\u00e4ndiger f\u00fcr Sch\u00e4den an Geb\u00e4uden (DESAG)<\/span><\/p>\n<p><span style=\"font-size: 10pt;\">Dozent an der IU Frankfurt und RPTU Kaiserslautern Landau<\/span><\/p>\n<\/td>\n<td style=\"text-align: left; vertical-align: top; width: 190px;\">Dr.-Ing.<strong> Ninja Wohlfeil<\/strong>\n<p>\u00a0<\/p>\n<p><span style=\"font-size: 10pt;\">Tragwerksplanerin<\/span><\/p>\n<p><span style=\"font-size: 10pt;\">Fachplanerin f\u00fcr Brandschutz (IngKH)<\/span><\/p>\n<p><span style=\"font-size: 10pt;\">Nachweisberechtigte f\u00fcr Brandschutz (IngKH)<\/span><\/p>\n<\/td>\n<\/tr>\n<\/tbody>\n<\/table>\n<p>\u00a0<\/p>\n","protected":false},"excerpt":{"rendered":"<p>\u00a0 \u00a0 \u00a0 Dr.-Ing. Tomas G\u00f6pfert \u00a0 Tragwerksplaner Fachplaner f\u00fcr Energieeffizienz (IngKH) Nachweisberechtigter f\u00fcr Standsicherheit (IngKH) Nachweisberechtigter f\u00fcr W\u00e4rmeschutz (IngKH) Prof. Dr.-Ing. J\u00f6rg Ackermann \u00a0 Tragwerksplaner \u00d6ffentlich bestellter und vereidigter Sachverst\u00e4ndiger f\u00fcr Stahl-, Beton- und Stahlbetonbau (IHK Offenbach) Mitglied im Sachverst\u00e4ndigenausschuss der IHK Offenbach Anerkannter und gepr\u00fcfter Sachverst\u00e4ndiger f\u00fcr Sch\u00e4den an Geb\u00e4uden (DESAG) Dozent an &hellip; <\/p>\n<p class=\"link-more\"><a href=\"https:\/\/www.ag-engineering.de\/?page_id=33\" class=\"more-link\"><span class=\"screen-reader-text\">\u201eTeam\u201c<\/span> weiterlesen<\/a><\/p>\n","protected":false},"author":1,"featured_media":0,"parent":0,"menu_order":0,"comment_status":"closed","ping_status":"closed","template":"","meta":{"footnotes":""},"_links":{"self":[{"href":"https:\/\/www.ag-engineering.de\/index.php?rest_route=\/wp\/v2\/pages\/33"}],"collection":[{"href":"https:\/\/www.ag-engineering.de\/index.php?rest_route=\/wp\/v2\/pages"}],"about":[{"href":"https:\/\/www.ag-engineering.de\/index.php?rest_route=\/wp\/v2\/types\/page"}],"author":[{"embeddable":true,"href":"https:\/\/www.ag-engineering.de\/index.php?rest_route=\/wp\/v2\/users\/1"}],"replies":[{"embeddable":true,"href":"https:\/\/www.ag-engineering.de\/index.php?rest_route=%2Fwp%2Fv2%2Fcomments&post=33"}],"version-history":[{"count":6,"href":"https:\/\/www.ag-engineering.de\/index.php?rest_route=\/wp\/v2\/pages\/33\/revisions"}],"predecessor-version":[{"id":329,"href":"https:\/\/www.ag-engineering.de\/index.php?rest_route=\/wp\/v2\/pages\/33\/revisions\/329"}],"wp:attachment":[{"href":"https:\/\/www.ag-engineering.de\/index.php?rest_route=%2Fwp%2Fv2%2Fmedia&parent=33"}],"curies":[{"name":"wp","href":"https:\/\/api.w.org\/{rel}","templated":true}]}}