{"id":35,"date":"2017-12-13T10:17:58","date_gmt":"2017-12-13T10:17:58","guid":{"rendered":"http:\/\/web.ag-e.de\/?page_id=35"},"modified":"2019-10-31T14:53:23","modified_gmt":"2019-10-31T14:53:23","slug":"leistungen","status":"publish","type":"page","link":"https:\/\/www.ag-engineering.de\/?page_id=35","title":{"rendered":"Leistungen"},"content":{"rendered":"<ul>\n<li><span style=\"font-size: 14pt;\">Tragwerksplanung f\u00fcr Hoch- und Tiefbau<\/span><\/li>\n<li><span style=\"font-size: 14pt;\">Pr\u00fcfingenieur f\u00fcr Baustatik (Kooperation)<\/span><\/li>\n<li><span style=\"font-size: 14pt;\">Schal- und Bewehrungspl\u00e4ne, Stahlbauwerkstattpl\u00e4ne<\/span><\/li>\n<li><span style=\"font-size: 14pt;\">Energieausweise, W\u00e4rmeschutzberechnungen, Energieberatung, Kfw-F\u00f6rderprojekte, L\u00fcftungskonzepte<\/span><\/li>\n<li><span style=\"font-size: 14pt;\">Brandschutzkonzepte<\/span><\/li>\n<li><span style=\"font-size: 14pt;\">Gutachten, Schiedsgutachten f\u00fcr die Fachrichtungen Stahl-, Beton- und Stahlbetonbau<\/span><\/li>\n<li><span style=\"font-size: 14pt;\">Technical Due Diligence f\u00fcr An- und Verkauf von Gewerbeimmobilien<\/span><\/li>\n<\/ul>\n<p><img loading=\"lazy\" decoding=\"async\" class=\"alignnone size-medium wp-image-93\" src=\"http:\/\/web.ag-e.de\/wp-content\/uploads\/2017\/12\/cropped-iStock-546769538-300x180.jpg\" alt=\"\" width=\"300\" height=\"180\" srcset=\"https:\/\/www.ag-engineering.de\/wp-content\/uploads\/2017\/12\/cropped-iStock-546769538-300x180.jpg 300w, https:\/\/www.ag-engineering.de\/wp-content\/uploads\/2017\/12\/cropped-iStock-546769538-768x460.jpg 768w, https:\/\/www.ag-engineering.de\/wp-content\/uploads\/2017\/12\/cropped-iStock-546769538-1024x614.jpg 1024w, https:\/\/www.ag-engineering.de\/wp-content\/uploads\/2017\/12\/cropped-iStock-546769538.jpg 2000w\" sizes=\"(max-width: 300px) 100vw, 300px\" \/><\/p>\n","protected":false},"excerpt":{"rendered":"<p>Tragwerksplanung f\u00fcr Hoch- und Tiefbau Pr\u00fcfingenieur f\u00fcr Baustatik (Kooperation) Schal- und Bewehrungspl\u00e4ne, Stahlbauwerkstattpl\u00e4ne Energieausweise, W\u00e4rmeschutzberechnungen, Energieberatung, Kfw-F\u00f6rderprojekte, L\u00fcftungskonzepte Brandschutzkonzepte Gutachten, Schiedsgutachten f\u00fcr die Fachrichtungen Stahl-, Beton- und Stahlbetonbau Technical Due Diligence f\u00fcr An- und Verkauf von Gewerbeimmobilien<\/p>\n","protected":false},"author":1,"featured_media":0,"parent":0,"menu_order":0,"comment_status":"closed","ping_status":"closed","template":"","meta":{"footnotes":""},"_links":{"self":[{"href":"https:\/\/www.ag-engineering.de\/index.php?rest_route=\/wp\/v2\/pages\/35"}],"collection":[{"href":"https:\/\/www.ag-engineering.de\/index.php?rest_route=\/wp\/v2\/pages"}],"about":[{"href":"https:\/\/www.ag-engineering.de\/index.php?rest_route=\/wp\/v2\/types\/page"}],"author":[{"embeddable":true,"href":"https:\/\/www.ag-engineering.de\/index.php?rest_route=\/wp\/v2\/users\/1"}],"replies":[{"embeddable":true,"href":"https:\/\/www.ag-engineering.de\/index.php?rest_route=%2Fwp%2Fv2%2Fcomments&post=35"}],"version-history":[{"count":6,"href":"https:\/\/www.ag-engineering.de\/index.php?rest_route=\/wp\/v2\/pages\/35\/revisions"}],"predecessor-version":[{"id":314,"href":"https:\/\/www.ag-engineering.de\/index.php?rest_route=\/wp\/v2\/pages\/35\/revisions\/314"}],"wp:attachment":[{"href":"https:\/\/www.ag-engineering.de\/index.php?rest_route=%2Fwp%2Fv2%2Fmedia&parent=35"}],"curies":[{"name":"wp","href":"https:\/\/api.w.org\/{rel}","templated":true}]}}