{"id":41,"date":"2017-12-13T10:19:37","date_gmt":"2017-12-13T10:19:37","guid":{"rendered":"http:\/\/web.ag-e.de\/?page_id=41"},"modified":"2017-12-15T13:09:19","modified_gmt":"2017-12-15T13:09:19","slug":"projekte","status":"publish","type":"page","link":"https:\/\/www.ag-engineering.de\/?page_id=41","title":{"rendered":"Projekte"},"content":{"rendered":"<p><strong>Ausgew\u00e4hlte Hochbau-Projekte<\/strong><\/p>\n<table>\n<tbody>\n<tr>\n<td>Neubau Geb\u00e4ude H5, Darmstadt<\/p>\n<p><img loading=\"lazy\" decoding=\"async\" class=\"alignnone size-medium wp-image-189\" src=\"http:\/\/web.ag-e.de\/wp-content\/uploads\/2017\/12\/H5-300x153.jpg\" alt=\"\" width=\"300\" height=\"153\" srcset=\"https:\/\/www.ag-engineering.de\/wp-content\/uploads\/2017\/12\/H5-300x153.jpg 300w, https:\/\/www.ag-engineering.de\/wp-content\/uploads\/2017\/12\/H5-768x390.jpg 768w, https:\/\/www.ag-engineering.de\/wp-content\/uploads\/2017\/12\/H5-1024x521.jpg 1024w, https:\/\/www.ag-engineering.de\/wp-content\/uploads\/2017\/12\/H5.jpg 1672w\" sizes=\"(max-width: 300px) 100vw, 300px\" \/><\/p>\n<pre>Auftraggeber:\u00a0\u00a0\u00a0\u00a0\u00a0\u00a0\u00a0 MERCK KGaA\r\nArchitekt:\u00a0\u00a0\u00a0\u00a0\u00a0\u00a0\u00a0\u00a0\u00a0\u00a0 Hirschm\u00fcllerschmidt, Darmstadt\r\nUnsere Leistungen:\u00a0\u00a0 HOAI Leistungsphasen 1 \u2013 6, Erdbebennachweise, Schall- und W\u00e4rmeschutz\r\nBaukosten KG 300:\u00a0\u00a0\u00a0 ca. 7.000.000 \u20ac<\/pre>\n<\/td>\n<\/tr>\n<tr>\n<td>Neubau Halle V68, Darmstadt<\/p>\n<p><img loading=\"lazy\" decoding=\"async\" class=\"alignnone size-medium wp-image-191\" src=\"http:\/\/web.ag-e.de\/wp-content\/uploads\/2017\/12\/V68-300x144.jpg\" alt=\"\" width=\"300\" height=\"144\" srcset=\"https:\/\/www.ag-engineering.de\/wp-content\/uploads\/2017\/12\/V68-300x144.jpg 300w, https:\/\/www.ag-engineering.de\/wp-content\/uploads\/2017\/12\/V68-768x370.jpg 768w, https:\/\/www.ag-engineering.de\/wp-content\/uploads\/2017\/12\/V68-1024x493.jpg 1024w, https:\/\/www.ag-engineering.de\/wp-content\/uploads\/2017\/12\/V68.jpg 1500w\" sizes=\"(max-width: 300px) 100vw, 300px\" \/><\/p>\n<pre>Auftraggeber:\u00a0\u00a0\u00a0\u00a0\u00a0\u00a0\u00a0\u00a0 MERCK KGaA\r\nArchitekt:\u00a0\u00a0\u00a0\u00a0\u00a0\u00a0\u00a0\u00a0\u00a0\u00a0\u00a0 Hirschm\u00fcllerschmidt, Darmstadt\r\nUnsere Leistungen:\u00a0\u00a0\u00a0 HOAI Leistungsphasen 1 \u2013 6, Stahlbauwerkstattplanung\r\nBaukosten KG 300:\u00a0\u00a0\u00a0\u00a0 ca. 200.000 \u20ac<\/pre>\n<\/td>\n<\/tr>\n<tr>\n<td>Neubau Firmensitz der August Fichter GmbH &amp; Co. KG, Frankfurt\/Raunheim<\/p>\n<p><img loading=\"lazy\" decoding=\"async\" class=\"alignnone size-medium wp-image-5\" src=\"http:\/\/web.ag-e.de\/wp-content\/uploads\/2017\/12\/project2-300x117.jpg\" alt=\"\" width=\"300\" height=\"117\" srcset=\"https:\/\/www.ag-engineering.de\/wp-content\/uploads\/2017\/12\/project2-300x117.jpg 300w, https:\/\/www.ag-engineering.de\/wp-content\/uploads\/2017\/12\/project2-768x300.jpg 768w, https:\/\/www.ag-engineering.de\/wp-content\/uploads\/2017\/12\/project2-1024x400.jpg 1024w, https:\/\/www.ag-engineering.de\/wp-content\/uploads\/2017\/12\/project2.jpg 1920w\" sizes=\"(max-width: 300px) 100vw, 300px\" \/><\/p>\n<pre>Auftraggeber:\u00a0\u00a0\u00a0\u00a0\u00a0\u00a0\u00a0\u00a0 August Fichter GmbH &amp; Co. KG\r\nArchitekt:\u00a0\u00a0\u00a0\u00a0\u00a0\u00a0\u00a0\u00a0\u00a0\u00a0\u00a0 pauly + fichter, planungsgesellschaft, Neu-Isenburg\r\nUnsere Leistungen:\u00a0\u00a0\u00a0 HOAI Leistungsphasen 1 - 6, Erdbebennachweise\r\nBaukosten KG 300:\u00a0\u00a0\u00a0\u00a0 ca. 1.500.000 \u20ac<\/pre>\n<\/td>\n<\/tr>\n<tr>\n<td>Mehrfamilienhaus, Frankfurt<\/p>\n<p><img loading=\"lazy\" decoding=\"async\" class=\"alignnone wp-image-188\" src=\"http:\/\/web.ag-e.de\/wp-content\/uploads\/2017\/12\/3307-5549-Fotograf-Thomas-Ott-300x224.jpg\" alt=\"\" width=\"200\" height=\"149\" \/><\/p>\n<pre>Auftraggeber:\u00a0\u00a0\u00a0\u00a0\u00a0\u00a0\u00a0\u00a0 Wentz &amp; Co. GmbH, Frankfurt am Main\r\nArchitekt:\u00a0\u00a0\u00a0\u00a0\u00a0\u00a0\u00a0\u00a0\u00a0\u00a0\u00a0 Wentz &amp; Co. GmbH, Frankfurt am Main\r\nUnsere Leistungen:\u00a0\u00a0\u00a0 HOAI Leistungsphasen 1 \u2013 6, Brandschutzkonzept, W\u00e4rme- und Schallschutznachweise\r\nBaukosten KG 300:\u00a0\u00a0\u00a0\u00a0 ca. 1.000.000 \u20ac<\/pre>\n<\/td>\n<\/tr>\n<tr>\n<td>Mehrfamilienhaus, Egelsbach<\/p>\n<p><img loading=\"lazy\" decoding=\"async\" class=\"alignnone size-medium wp-image-199\" src=\"http:\/\/web.ag-e.de\/wp-content\/uploads\/2017\/12\/Fraund-300x108.jpg\" alt=\"\" width=\"300\" height=\"108\" srcset=\"https:\/\/www.ag-engineering.de\/wp-content\/uploads\/2017\/12\/Fraund-300x108.jpg 300w, https:\/\/www.ag-engineering.de\/wp-content\/uploads\/2017\/12\/Fraund.jpg 390w\" sizes=\"(max-width: 300px) 100vw, 300px\" \/><\/p>\n<pre>Auftraggeber:\u00a0\u00a0\u00a0\u00a0\u00a0\u00a0\u00a0\u00a0 Thomas Fraund, Egelsbach\r\nArchitekt:\u00a0\u00a0\u00a0\u00a0\u00a0\u00a0\u00a0\u00a0\u00a0\u00a0\u00a0 pauly + fichter, planungsgesellschaft, Neu-Isenburg\r\nUnsere Leistungen:\u00a0\u00a0\u00a0 HOAI Leistungsphasen 1 \u2013 4,\u00a0 W\u00e4rmeschutznachweise\r\nBaukosten KG 300:\u00a0\u00a0\u00a0\u00a0 ca. 350.000 \u20ac<\/pre>\n<\/td>\n<\/tr>\n<tr>\n<td>Architektenhaus, Dreieich<\/p>\n<p><img loading=\"lazy\" decoding=\"async\" class=\"alignnone wp-image-201 size-medium\" src=\"http:\/\/web.ag-e.de\/wp-content\/uploads\/2017\/12\/varga-300x296.jpg\" alt=\"\" width=\"300\" height=\"296\" srcset=\"https:\/\/www.ag-engineering.de\/wp-content\/uploads\/2017\/12\/varga-300x296.jpg 300w, https:\/\/www.ag-engineering.de\/wp-content\/uploads\/2017\/12\/varga-768x759.jpg 768w, https:\/\/www.ag-engineering.de\/wp-content\/uploads\/2017\/12\/varga-1024x1012.jpg 1024w, https:\/\/www.ag-engineering.de\/wp-content\/uploads\/2017\/12\/varga-100x100.jpg 100w\" sizes=\"(max-width: 300px) 100vw, 300px\" \/><\/p>\n<pre>Auftraggeber:\u00a0\u00a0\u00a0\u00a0\u00a0\u00a0\u00a0\u00a0 Peter Varga, Dreieich\r\nArchitekt:\u00a0\u00a0\u00a0\u00a0\u00a0\u00a0\u00a0\u00a0\u00a0\u00a0\u00a0 pauly + fichter, planungsgesellschaft, Neu-Isenburg\r\nUnsere Leistungen:\u00a0\u00a0\u00a0 HOAI Leistungsphasen 1 \u2013 6,\u00a0 W\u00e4rme- und Schallschutznachweise\r\nBaukosten KG 300:\u00a0\u00a0\u00a0\u00a0 ca. 330.000 \u20ac<\/pre>\n<\/td>\n<\/tr>\n<tr>\n<td>Museum of Modern Art \u0141\u00f3d\u017a, Polen<\/p>\n<p><img loading=\"lazy\" decoding=\"async\" class=\"alignnone wp-image-190\" src=\"http:\/\/web.ag-e.de\/wp-content\/uploads\/2017\/12\/Museum-300x225.jpg\" alt=\"\" width=\"215\" height=\"161\" srcset=\"https:\/\/www.ag-engineering.de\/wp-content\/uploads\/2017\/12\/Museum-300x225.jpg 300w, https:\/\/www.ag-engineering.de\/wp-content\/uploads\/2017\/12\/Museum.jpg 640w\" sizes=\"(max-width: 215px) 100vw, 215px\" \/><\/p>\n<pre>Auftraggeber:\u00a0\u00a0\u00a0\u00a0\u00a0\u00a0\u00a0\u00a0\u00a0 M\u00f6ller Architekten + Ingenieure BDA (Generalplaner)\r\nArchitekt:\u00a0\u00a0\u00a0\u00a0\u00a0\u00a0\u00a0\u00a0\u00a0\u00a0\u00a0\u00a0 M\u00f6ller Architekten + Ingenieure BDA\r\nUnsere Leistungen:\u00a0\u00a0\u00a0\u00a0 HOAI Leistungsphasen 2 - 4 \r\n                       in Planungsgemeinschaft mit St\u00e4hler + Knoppik, Neu-Isenburg\r\nBaukosten:\u00a0\u00a0\u00a0\u00a0\u00a0\u00a0\u00a0\u00a0\u00a0\u00a0\u00a0\u00a0 ca. 50.000.000 \u20ac<\/pre>\n<\/td>\n<\/tr>\n<tr>\n<td>Dachsanierung Hauptbahnhof Wiesbaden, Deutschland<\/p>\n<p><img loading=\"lazy\" decoding=\"async\" class=\"alignnone size-medium wp-image-200\" src=\"http:\/\/web.ag-e.de\/wp-content\/uploads\/2017\/12\/hauptbahnhof-wiesbaden-300x169.jpg\" alt=\"\" width=\"300\" height=\"169\" srcset=\"https:\/\/www.ag-engineering.de\/wp-content\/uploads\/2017\/12\/hauptbahnhof-wiesbaden-300x169.jpg 300w, https:\/\/www.ag-engineering.de\/wp-content\/uploads\/2017\/12\/hauptbahnhof-wiesbaden-768x432.jpg 768w, https:\/\/www.ag-engineering.de\/wp-content\/uploads\/2017\/12\/hauptbahnhof-wiesbaden.jpg 970w\" sizes=\"(max-width: 300px) 100vw, 300px\" \/><\/p>\n<pre>Auftraggeber:\u00a0\u00a0\u00a0\u00a0\u00a0\u00a0\u00a0\u00a0\u00a0 Z\u00fcblin AG\r\nUnsere Leistungen:\u00a0\u00a0\u00a0\u00a0 Ausf\u00fchrungsplanung und Montagestatik f\u00fcr historischen Stahlbau<\/pre>\n<\/td>\n<\/tr>\n<\/tbody>\n<\/table>\n<p><strong>Ausgew\u00e4hlte Anlagebau-Projekte<\/strong><\/p>\n<table>\n<tbody>\n<tr>\n<td>Fernw\u00e4rmeleitung Feuerbach Ost Los 5 &#8211; D\u00fcker, Stuttgart<\/p>\n<pre>Auftraggeber:\u00a0\u00a0\u00a0\u00a0\u00a0\u00a0\u00a0\u00a0\u00a0 AUGUST FICHTER GmbH\u00a0 Rohrleitungsbau \u00b7 Anlagenbau \u00b7 Tiefbau\r\nUnsere Leistungen:\u00a0\u00a0\u00a0\u00a0 Rohrstatik und Planung Stahlbau<\/pre>\n<\/td>\n<\/tr>\n<tr>\n<td>Kraftwerk Neurath, Deutschland, Bl\u00f6cke F\/G (BoA 2\/3), 2 x 1100 MW<\/p>\n<pre>Auftraggeber:\u00a0\u00a0\u00a0\u00a0\u00a0\u00a0\u00a0 \u00a0 ARGE Stahlbau Kraftwerk Neurath\r\nUnsere Leistungen:\u00a0\u00a0\u00a0\u00a0 Montagestatik und Hilfskonstruktionen f\u00fcr die Kanalmontage und Stahlbau\r\n\u00a0\u00a0\u00a0\u00a0\u00a0\u00a0\u00a0\u00a0\u00a0\u00a0\u00a0\u00a0\u00a0\u00a0\u00a0\u00a0\u00a0\u00a0\u00a0\u00a0\u00a0\u00a0 Anschlussstatik und Werkstattzeichnungen f\u00fcr die Pumpenh\u00e4user\r\n\u00a0\u00a0\u00a0\u00a0\u00a0\u00a0\u00a0\u00a0\u00a0\u00a0\u00a0\u00a0\u00a0\u00a0\u00a0\u00a0\u00a0\u00a0\u00a0\u00a0\u00a0\u00a0 Plan- und Konstruktionspr\u00fcfung<\/pre>\n<\/td>\n<\/tr>\n<tr>\n<td>Kraftwerk Eemshaven, Niederlande, 1560 MW<\/p>\n<pre>Auftraggeber:\u00a0\u00a0\u00a0\u00a0\u00a0\u00a0\u00a0\u00a0\u00a0 Hochtief Solutions AG, Frankfurt\r\nUnsere Leistungen:\u00a0\u00a0\u00a0\u00a0 Montagestatik Rohrbr\u00fccke Maschinenhaus<\/pre>\n<\/td>\n<\/tr>\n<tr>\n<td>Kernkraftwerk G\u00f6sgen, Schweiz<\/p>\n<pre>Auftraggeber:\u00a0\u00a0\u00a0\u00a0\u00a0\u00a0\u00a0\u00a0\u00a0 Hochtief Solutions AG, Frankfurt\r\nUnsere Leistungen:\u00a0\u00a0\u00a0\u00a0 Fragility Analyse (Probabilistische Berechnung) verschiedener Komponenten<\/pre>\n<\/td>\n<\/tr>\n<tr>\n<td>Schallschutzeinhausungen f\u00fcr T\u00fcrkei\/Australien\/Deutschland<\/p>\n<pre>Auftraggeber:\u00a0\u00a0\u00a0\u00a0\u00a0\u00a0\u00a0\u00a0 \u00a0 Faist Anlagenbau GmbH\r\nUnsere Leistungen:\u00a0\u00a0\u00a0\u00a0\u00a0 Erdbebennachweise, Stab- und Anschlussstatik<\/pre>\n<\/td>\n<\/tr>\n<\/tbody>\n<\/table>\n<p>&nbsp;<\/p>\n","protected":false},"excerpt":{"rendered":"<p>Ausgew\u00e4hlte Hochbau-Projekte Neubau Geb\u00e4ude H5, Darmstadt Auftraggeber:\u00a0\u00a0\u00a0\u00a0\u00a0\u00a0\u00a0 MERCK KGaA Architekt:\u00a0\u00a0\u00a0\u00a0\u00a0\u00a0\u00a0\u00a0\u00a0\u00a0 Hirschm\u00fcllerschmidt, Darmstadt Unsere Leistungen:\u00a0\u00a0 HOAI Leistungsphasen 1 \u2013 6, Erdbebennachweise, Schall- und W\u00e4rmeschutz Baukosten KG 300:\u00a0\u00a0\u00a0 ca. 7.000.000 \u20ac Neubau Halle V68, Darmstadt Auftraggeber:\u00a0\u00a0\u00a0\u00a0\u00a0\u00a0\u00a0\u00a0 MERCK KGaA Architekt:\u00a0\u00a0\u00a0\u00a0\u00a0\u00a0\u00a0\u00a0\u00a0\u00a0\u00a0 Hirschm\u00fcllerschmidt, Darmstadt Unsere Leistungen:\u00a0\u00a0\u00a0 HOAI Leistungsphasen 1 \u2013 6, Stahlbauwerkstattplanung Baukosten KG 300:\u00a0\u00a0\u00a0\u00a0 ca. 200.000 \u20ac Neubau Firmensitz &hellip; <\/p>\n<p class=\"link-more\"><a href=\"https:\/\/www.ag-engineering.de\/?page_id=41\" class=\"more-link\"><span class=\"screen-reader-text\">\u201eProjekte\u201c<\/span> weiterlesen<\/a><\/p>\n","protected":false},"author":1,"featured_media":0,"parent":0,"menu_order":0,"comment_status":"closed","ping_status":"closed","template":"","meta":{"footnotes":""},"_links":{"self":[{"href":"https:\/\/www.ag-engineering.de\/index.php?rest_route=\/wp\/v2\/pages\/41"}],"collection":[{"href":"https:\/\/www.ag-engineering.de\/index.php?rest_route=\/wp\/v2\/pages"}],"about":[{"href":"https:\/\/www.ag-engineering.de\/index.php?rest_route=\/wp\/v2\/types\/page"}],"author":[{"embeddable":true,"href":"https:\/\/www.ag-engineering.de\/index.php?rest_route=\/wp\/v2\/users\/1"}],"replies":[{"embeddable":true,"href":"https:\/\/www.ag-engineering.de\/index.php?rest_route=%2Fwp%2Fv2%2Fcomments&post=41"}],"version-history":[{"count":10,"href":"https:\/\/www.ag-engineering.de\/index.php?rest_route=\/wp\/v2\/pages\/41\/revisions"}],"predecessor-version":[{"id":202,"href":"https:\/\/www.ag-engineering.de\/index.php?rest_route=\/wp\/v2\/pages\/41\/revisions\/202"}],"wp:attachment":[{"href":"https:\/\/www.ag-engineering.de\/index.php?rest_route=%2Fwp%2Fv2%2Fmedia&parent=41"}],"curies":[{"name":"wp","href":"https:\/\/api.w.org\/{rel}","templated":true}]}}