{"id":44,"date":"2017-12-13T10:19:37","date_gmt":"2017-12-13T10:19:37","guid":{"rendered":"http:\/\/web.ag-e.de\/?page_id=44"},"modified":"2022-08-03T15:21:12","modified_gmt":"2022-08-03T15:21:12","slug":"impressum","status":"publish","type":"page","link":"https:\/\/www.ag-engineering.de\/?page_id=44","title":{"rendered":"Impressum\/Datenschutz"},"content":{"rendered":"<p>ag|engineering GmbH &amp; Co. KG<br \/>\nRobert-Bosch-Stra\u00dfe 9<br \/>\n63225 Langen<\/p>\n<p>Telefon: 06103 &#8211; 50999-30<br \/>\nTelefax: 06103 &#8211; 50999-29<br \/>\nE-Mail: <a href=\"mailto:info@ag-engineering.de\">info@ag-engineering.de<\/a><\/p>\n<pre>Registereintrag:\nEingetragen im Handelsregister.\nRegistergericht: Amtsgericht Offenbach\nRegisternummer: HRA 41114\nSitz der Gesellschaft: Langen\n\n<strong>Komplement\u00e4rin:<\/strong>\nag|engineering Beteiligungsgesellschaft GmbH\nGesch\u00e4ftsf\u00fchrer: Dr. Tomas G\u00f6pfert, Dr. Ninja Wohlfeil, Dr. J\u00f6rg Ackermann\nRegistergericht: Amtsgericht Offenbach\nRegisternummer: HRB 43314\nSitz der Gesellschaft: Langen\n\n<\/pre>\n<pre><strong>Umsatzsteuer-ID:<\/strong> \nUmsatzsteuer-Identifikationsnummer nach \u00a727a Umsatzsteuergesetz:\nDE258749688<\/pre>\n<pre><strong>Berufshaftpflichtversicherung:<\/strong> \nVHV Allgemeine Versicherungen\nGebietsdirektion Frankfurt\nSolmsstra\u00dfe 83\n60486 Frankfurt\n\n<\/pre>\n<pre><strong>Verantwortlich f\u00fcr den Inhalt<\/strong> (gem. \u00a7 55 Abs. 2 RStV):\nDr. J\u00f6rg Ackermann<\/pre>\n<pre><strong>Bildrechte:<\/strong>\nag|engineering GmbH &amp; Co. KG\npauly + fichter, planungsgesellschaft (Fichter Bau) \nM\u00f6ller Architekten + Ingenieure BDA (Museum Lodz)\nWentz &amp; Co. (MFH Frankfurt)\nPeri (HBF Wiesbaden)<\/pre>\n<p style=\"text-align: justify;\"><span style=\"font-size: 14pt;\"><strong>Disclaimer \u2013 rechtliche Hinweise:<\/strong><\/span><\/p>\n<p style=\"text-align: justify;\"><strong><span style=\"font-size: 10pt;\">\u00a7 1 Warnhinweis zu Inhalten<\/span><\/strong><br \/>\n<span style=\"font-size: 10pt;\"> Die kostenlosen und frei zug\u00e4nglichen Inhalte dieser Webseite wurden mit gr\u00f6\u00dftm\u00f6glicher Sorgfalt erstellt. Der Anbieter dieser Webseite \u00fcbernimmt jedoch keine Gew\u00e4hr f\u00fcr die Richtigkeit und Aktualit\u00e4t der bereitgestellten kostenlosen und frei zug\u00e4nglichen journalistischen Ratgeber und Nachrichten. Namentlich gekennzeichnete Beitr\u00e4ge geben die Meinung des jeweiligen Autors und nicht immer die Meinung des Anbieters wieder. Allein durch den Aufruf der kostenlosen und frei zug\u00e4nglichen Inhalte kommt keinerlei Vertragsverh\u00e4ltnis zwischen dem Nutzer und dem Anbieter zustande, insoweit fehlt es am Rechtsbindungswillen des Anbieters.<\/span><\/p>\n<p style=\"text-align: justify;\"><strong><span style=\"font-size: 10pt;\">\u00a7 2 Externe Links<\/span><\/strong><br \/>\n<span style=\"font-size: 10pt;\"> Diese Website enth\u00e4lt Verkn\u00fcpfungen zu Websites Dritter (&#8222;externe Links&#8220;). Diese Websites unterliegen der Haftung der jeweiligen Betreiber. Der Anbieter hat bei der erstmaligen Verkn\u00fcpfung der externen Links die fremden Inhalte daraufhin \u00fcberpr\u00fcft, ob etwaige Rechtsverst\u00f6\u00dfe bestehen. Zu dem Zeitpunkt waren keine Rechtsverst\u00f6\u00dfe ersichtlich. Der Anbieter hat keinerlei Einfluss auf die aktuelle und zuk\u00fcnftige Gestaltung und auf die Inhalte der verkn\u00fcpften Seiten. Das Setzen von externen Links bedeutet nicht, dass sich der Anbieter die hinter dem Verweis oder Link liegenden Inhalte zu Eigen macht. Eine st\u00e4ndige Kontrolle der externen Links ist f\u00fcr den Anbieter ohne konkrete Hinweise auf Rechtsverst\u00f6\u00dfe nicht zumutbar. Bei Kenntnis von Rechtsverst\u00f6\u00dfen werden jedoch derartige externe Links unverz\u00fcglich gel\u00f6scht.<\/span><\/p>\n<p style=\"text-align: justify;\"><strong><span style=\"font-size: 10pt;\">\u00a7 3 Urheber- und Leistungsschutzrechte<\/span><\/strong><br \/>\n<span style=\"font-size: 10pt;\"> Die auf dieser Website ver\u00f6ffentlichten Inhalte unterliegen dem deutschen Urheber- und Leistungsschutzrecht. Jede vom deutschen Urheber- und Leistungsschutzrecht nicht zugelassene Verwertung bedarf der vorherigen schriftlichen Zustimmung des Anbieters oder jeweiligen Rechteinhabers. Dies gilt insbesondere f\u00fcr Vervielf\u00e4ltigung, Bearbeitung, \u00dcbersetzung, Einspeicherung, Verarbeitung bzw. Wiedergabe von Inhalten in Datenbanken oder anderen elektronischen Medien und Systemen. Inhalte und Rechte Dritter sind dabei als solche gekennzeichnet. Die unerlaubte Vervielf\u00e4ltigung oder Weitergabe einzelner Inhalte oder kompletter Seiten ist nicht gestattet und strafbar. Lediglich die Herstellung von Kopien und Downloads f\u00fcr den pers\u00f6nlichen, privaten und nicht kommerziellen Gebrauch ist erlaubt.<\/span><\/p>\n<p style=\"text-align: justify;\"><span style=\"font-size: 10pt;\">Die Darstellung dieser Website in fremden Frames ist nur mit schriftlicher Erlaubnis zul\u00e4ssig.<\/span><\/p>\n<p style=\"text-align: justify;\"><strong><span style=\"font-size: 10pt;\">\u00a7 4 Besondere Nutzungsbedingungen<\/span><\/strong><br \/>\n<span style=\"font-size: 10pt;\"> Soweit besondere Bedingungen f\u00fcr einzelne Nutzungen dieser Website von den vorgenannten Paragraphen abweichen, wird an entsprechender Stelle ausdr\u00fccklich darauf hingewiesen. In diesem Falle gelten im jeweiligen Einzelfall die besonderen Nutzungsbedingungen.<\/span><\/p>\n<p style=\"text-align: justify;\"><span style=\"font-size: 10pt;\">Quelle: Impressum Vorlage von JuraForum.de<\/span><\/p>\n<p style=\"text-align: justify;\"><span style=\"font-size: 14pt;\"><strong>Datenschutzerkl\u00e4rung:<\/strong><\/span><\/p>\n<p style=\"text-align: justify;\"><span style=\"font-size: 10pt;\">Nachfolgend m\u00f6chten wir Sie \u00fcber unsere Datenschutzerkl\u00e4rung informieren. Sie finden hier Informationen \u00fcber die Erhebung und Verwendung pers\u00f6nlicher Daten bei der Nutzung unserer Webseite. Wir beachten dabei das f\u00fcr Deutschland geltende Datenschutzrecht. Sie k\u00f6nnen diese Erkl\u00e4rung jederzeit auf unserer Webseite abrufen.<\/span><\/p>\n<p style=\"text-align: justify;\"><span style=\"font-size: 10pt;\">Der Websitebetreiber bzw. Seitenprovider erhebt Daten \u00fcber Zugriffe auf die Seite und speichert diese als \u201eServer-Logfiles\u201c ab. Folgende Daten werden so protokolliert:<\/span><\/p>\n<ul>\n<li><span style=\"font-size: 10pt;\">Besuchte Website<\/span><\/li>\n<li><span style=\"font-size: 10pt;\">Uhrzeit zum Zeitpunkt des Zugriffes<\/span><\/li>\n<li><span style=\"font-size: 10pt;\">Menge der gesendeten Daten in Byte<\/span><\/li>\n<li><span style=\"font-size: 10pt;\">Quelle\/Verweis, von welchem Sie auf die Seite gelangten<\/span><\/li>\n<li><span style=\"font-size: 10pt;\">Verwendeter Browser<\/span><\/li>\n<li><span style=\"font-size: 10pt;\">Verwendetes Betriebssystem<\/span><\/li>\n<li><span style=\"font-size: 10pt;\">Verwendete IP-Adresse<\/span><\/li>\n<\/ul>\n<p style=\"text-align: justify;\"><span style=\"font-size: 10pt;\">Die erhobenen Daten dienen lediglich statistischen Auswertungen und zur Verbesserung der Website. Der Websitebetreiber beh\u00e4lt sich allerdings vor, die Server-Logfiles nachtr\u00e4glich zu \u00fcberpr\u00fcfen, sollten konkrete Anhaltspunkte auf eine rechtswidrige Nutzung hinweisen.<\/span><\/p>\n<p style=\"text-align: justify;\"><span style=\"font-size: 10pt;\">Wir weisen ausdr\u00fccklich darauf hin, dass die Daten\u00fcbertragung im Internet (z.B. bei der Kommunikation per E-Mail) Sicherheitsl\u00fccken aufweisen und nicht l\u00fcckenlos vor dem Zugriff durch Dritte gesch\u00fctzt werden kann.<\/span><\/p>\n<p style=\"text-align: justify;\"><span style=\"font-size: 10pt;\">Die Verwendung der Kontaktdaten unseres Impressums zur gewerblichen Werbung ist ausdr\u00fccklich nicht erw\u00fcnscht, es sei denn wir hatten zuvor unsere schriftliche Einwilligung erteilt oder es besteht bereits eine Gesch\u00e4ftsbeziehung. Der Anbieter und alle auf dieser Website genannten Personen widersprechen hiermit jeder kommerziellen Verwendung und Weitergabe ihrer Daten.<\/span><\/p>\n<p style=\"text-align: justify;\"><span style=\"font-size: 10pt;\"><strong>Cookies<\/strong><br \/>\n<\/span><span style=\"font-size: 10pt;\">Diese Website verwendet Cookies. Dabei handelt es sich um kleine Textdateien, welche auf Ihrem Endger\u00e4t gespeichert werden. Ihr Browser greift auf diese Dateien zu. Durch den Einsatz von Cookies erh\u00f6ht sich die Benutzerfreundlichkeit und Sicherheit dieser Website. G\u00e4ngige Browser bieten die Einstellungsoption, Cookies nicht zuzulassen. Hinweis: Es ist nicht gew\u00e4hrleistet, dass Sie auf alle Funktionen dieser Website ohne Einschr\u00e4nkungen <\/span><span style=\"font-size: 10pt;\">zugreifen k\u00f6nnen, wenn Sie entsprechende Einstellungen vornehmen.<\/span><\/p>\n<p style=\"text-align: justify;\"><span style=\"font-size: 10pt;\"><strong>Personenbezogene Daten<\/strong><\/span><br \/>\n<span style=\"font-size: 10pt;\"> Sie k\u00f6nnen unsere Webseite ohne Angabe personenbezogener Daten besuchen. Soweit auf unseren Seiten personenbezogene Daten (wie Name, Anschrift oder E-Mail Adresse) erhoben werden, erfolgt dies, soweit m\u00f6glich, auf freiwilliger Basis. Diese Daten werden ohne Ihre ausdr\u00fcckliche Zustimmung nicht an Dritte weitergegeben. Sofern zwischen Ihnen und uns ein Vertragsverh\u00e4ltnis begr\u00fcndet, inhaltlich ausgestaltet oder ge\u00e4ndert werden soll oder Sie an uns eine Anfrage stellen, erheben und verwenden wir personenbezogene Daten von Ihnen, soweit dies zu diesen Zwecken erforderlich ist (Bestandsdaten). Wir erheben, verarbeiten und nutzen personenbezogene Daten soweit dies erforderlich ist, um Ihnen die Inanspruchnahme des Webangebots zu erm\u00f6glichen (Nutzungsdaten). S\u00e4mtliche personenbezogenen Daten werden nur solange gespeichert wie dies f\u00fcr den genannten Zweck (Bearbeitung Ihrer Anfrage oder Abwicklung eines Vertrags) erforderlich ist. Hierbei werden steuer- und handelsrechtliche Aufbewahrungsfristen ber\u00fccksichtigt. Auf Anordnung der zust\u00e4ndigen Stellen d\u00fcrfen wir im Einzelfall Auskunft \u00fcber diese Daten (Bestandsdaten) erteilen, soweit dies f\u00fcr Zwecke der Strafverfolgung, zur Gefahrenabwehr, zur Erf\u00fcllung der gesetzlichen Aufgaben der Verfassungsschutzbeh\u00f6rden oder des Milit\u00e4rischen Abschirmdienstes oder zur Durchsetzung der Rechte am geistigen Eigentum erforderlich ist.<\/span><\/p>\n<p style=\"text-align: justify;\"><span style=\"font-size: 10pt;\"><strong>Datenschutzerkl\u00e4rung f\u00fcr Google Maps von Google Inc.<\/strong><\/span><br \/>\n<span style=\"font-size: 10pt;\"> Diese Website verwendet die \u201eGoogle Maps und Routenplaner\u201c- Funktion der Google Inc., 1600 Amphitheatre Parkway, Mountain View, CA 94043, United States (\u201eGoogle\u201c), um geographische Informationen und Anfahrtrouten darzustellen bzw. zu berechnen. Durch Google Maps k\u00f6nnen Daten \u00fcber Ihre Nutzung dieser Webseite an Google \u00fcbertragen, erhoben und von Google genutzt werden. Sie k\u00f6nnen eine solche Daten\u00fcbertragung verhindern, wenn Sie in Ihrem Browser \u201eJavascript\u201c deaktivieren. In dem Falle k\u00f6nnen aber keine Karten angezeigt werden. Durch die Nutzung dieser Webseite und die Nichtdeaktivierung von \u201eJavascript\u201c erkl\u00e4ren Sie Ihr Einverst\u00e4ndnis, dass Sie mit der Bearbeitung Ihrer Daten durch Google zum obigen Zwecke einverstanden sind. Weitere Informationen dar\u00fcber wie \u201eGoogle Maps\u201c und der Routenplaner Ihre Daten verwenden sowie die Datenschutzerkl\u00e4rung von Google finden Sie unter: https:\/\/www.google.com\/intl\/de_de\/help\/terms_maps.html<\/span><\/p>\n<p style=\"text-align: justify;\"><span style=\"font-size: 10pt;\"><strong>Auskunftsrecht<\/strong><\/span><br \/>\n<span style=\"font-size: 10pt;\"> Sie haben das jederzeitige Recht, sich unentgeltlich und unverz\u00fcglich \u00fcber die zu Ihrer Person erhobenen Daten zu erkundigen. Sie haben das jederzeitige Recht, Ihre Zustimmung zur Verwendung Ihrer angegeben pers\u00f6nlichen Daten mit Wirkung f\u00fcr die Zukunft zu widerrufen. Zur Auskunftserteilung wenden Sie sich bitte an den Anbieter unter den Kontaktdaten im Impressum<\/span><\/p>\n","protected":false},"excerpt":{"rendered":"<p>ag|engineering GmbH &amp; Co. KG Robert-Bosch-Stra\u00dfe 9 63225 Langen Telefon: 06103 &#8211; 50999-30 Telefax: 06103 &#8211; 50999-29 E-Mail: info@ag-engineering.de Registereintrag: Eingetragen im Handelsregister. Registergericht: Amtsgericht Offenbach Registernummer: HRA 41114 Sitz der Gesellschaft: Langen Komplement\u00e4rin: ag|engineering Beteiligungsgesellschaft GmbH Gesch\u00e4ftsf\u00fchrer: Dr. Tomas G\u00f6pfert, Dr. Ninja Wohlfeil, Dr. J\u00f6rg Ackermann Registergericht: Amtsgericht Offenbach Registernummer: HRB 43314 Sitz der &hellip; <\/p>\n<p class=\"link-more\"><a href=\"https:\/\/www.ag-engineering.de\/?page_id=44\" class=\"more-link\"><span class=\"screen-reader-text\">\u201eImpressum\/Datenschutz\u201c<\/span> weiterlesen<\/a><\/p>\n","protected":false},"author":1,"featured_media":0,"parent":0,"menu_order":0,"comment_status":"closed","ping_status":"closed","template":"","meta":{"footnotes":""},"_links":{"self":[{"href":"https:\/\/www.ag-engineering.de\/index.php?rest_route=\/wp\/v2\/pages\/44"}],"collection":[{"href":"https:\/\/www.ag-engineering.de\/index.php?rest_route=\/wp\/v2\/pages"}],"about":[{"href":"https:\/\/www.ag-engineering.de\/index.php?rest_route=\/wp\/v2\/types\/page"}],"author":[{"embeddable":true,"href":"https:\/\/www.ag-engineering.de\/index.php?rest_route=\/wp\/v2\/users\/1"}],"replies":[{"embeddable":true,"href":"https:\/\/www.ag-engineering.de\/index.php?rest_route=%2Fwp%2Fv2%2Fcomments&post=44"}],"version-history":[{"count":10,"href":"https:\/\/www.ag-engineering.de\/index.php?rest_route=\/wp\/v2\/pages\/44\/revisions"}],"predecessor-version":[{"id":322,"href":"https:\/\/www.ag-engineering.de\/index.php?rest_route=\/wp\/v2\/pages\/44\/revisions\/322"}],"wp:attachment":[{"href":"https:\/\/www.ag-engineering.de\/index.php?rest_route=%2Fwp%2Fv2%2Fmedia&parent=44"}],"curies":[{"name":"wp","href":"https:\/\/api.w.org\/{rel}","templated":true}]}}